{"id":24402,"date":"2024-09-10T11:16:45","date_gmt":"2024-09-10T14:16:45","guid":{"rendered":"http:\/\/cueroamerica.info\/wpnews\/?page_id=24402"},"modified":"2024-10-08T10:20:41","modified_gmt":"2024-10-08T13:20:41","slug":"noticias-de-america-del-norte","status":"publish","type":"page","link":"http:\/\/cueroamerica.info\/wpnews\/noticias-de-america-del-norte\/","title":{"rendered":"Noticias de Am\u00e9rica del Norte"},"content":{"rendered":"\n\t\t\t<div class=\"display-post-types\">\n\t\t\t\t\n\t\t\t\t\t\t\t<style type=\"text\/css\">\n\t\t\t#dpt-wrapper-724 { --dpt-text-align: left;--dpt-image-crop: center;--dpt-border-radius: 5px;--dpt-h-gutter: 10px;--dpt-v-gutter: 10px; }\t\t\t<\/style>\n\t\t\t<style type=\"text\/css\">#dpt-wrapper-724 { --dpt-title-font-style:normal;--dpt-title-font-weight:600;--dpt-title-font-size:22px;--dpt-title-line-height:1.5;--dpt-title-text-decoration:none;--dpt-title-text-transform:none;--dpt-title-text-color:#2e1111;--dpt-title-link-hover-color:#f740ab;--dpt-excerpt-font-style:normal;--dpt-excerpt-font-weight:400;--dpt-excerpt-line-height:1.5;--dpt-excerpt-text-decoration:none;--dpt-excerpt-text-transform:none;--dpt-meta1-font-style:normal;--dpt-meta1-font-weight:700;--dpt-meta1-font-size:11px;--dpt-meta1-line-height:1.9;--dpt-meta1-text-decoration:none;--dpt-meta1-text-transform:none;--dpt-meta2-font-style:normal;--dpt-meta2-font-weight:400;--dpt-meta2-line-height:1.9;--dpt-meta2-text-decoration:none;--dpt-meta2-text-transform:none;--dpt-wrapper-padding:10px 10px 10px 10px;--dpt-wrapper-br-width:1px 1px 1px 1px;--dpt-wrapper-entry-width:80%;--dpt-wrapper-br-radius:5px 5px 5px 5px;--dpt-wrapper-br-color:; }<\/style><div class=\" dpt-main-header\"><div class=\"dpt-main-title\"><a class=\"dpt-main-title-link\" href=\"http:\/\/cueroamerica.info\/wpnews\/category\/noticias-de-america-del-norte\/\"><span class=\"dpt-main-title-text\">Noticias de Am\u00e9rica del Norte<\/span><\/a><\/div><\/div>\t\t\t\n\t\t\t\t<div id=\"dpt-wrapper-724\" class=\"dpt-wrapper dpt-list2 dpt-flex-wrap right-al dpt-contained-wraptype\" >\n\n\t\t\t\t\t\t\t\t\t\t\t<div class=\"dpt-entry no-thumbnail\">\n\t\t\t\t\t\t\t<div class=\"dpt-entry-wrapper\"><h3 class=\" dpt-title\"><a class=\"dpt-title-link\" href=\"http:\/\/cueroamerica.info\/wpnews\/2026\/01\/estados-unidos-los-precios-del-calzado-estan-mostrando-senales-de-subas-alarmantes\/\" rel=\"bookmark\">Estados Unidos: los precios del calzado est\u00e1n mostrando se\u00f1ales de subas alarmantes<\/a><\/h3><\/div>\n\t\t\t\t\t\t<\/div><!-- .dpt-entry -->\n\t\t\t\t\t\t\t\t\t\t\t\t<div class=\"dpt-entry no-thumbnail\">\n\t\t\t\t\t\t\t<div class=\"dpt-entry-wrapper\"><h3 class=\" dpt-title\"><a class=\"dpt-title-link\" href=\"http:\/\/cueroamerica.info\/wpnews\/2026\/01\/la-semana-de-la-moda-de-n-york-prohibio-el-uso-de-piel-animal-en-sus-desfiles\/\" rel=\"bookmark\">La Semana de la Moda de N. York prohibi\u00f3 el uso de piel animal en sus desfiles<\/a><\/h3><\/div>\n\t\t\t\t\t\t<\/div><!-- .dpt-entry -->\n\t\t\t\t\t\t\t\t\t\t\t\t<div class=\"dpt-entry no-thumbnail\">\n\t\t\t\t\t\t\t<div class=\"dpt-entry-wrapper\"><h3 class=\" dpt-title\"><a class=\"dpt-title-link\" href=\"http:\/\/cueroamerica.info\/wpnews\/2025\/10\/los-aranceles-a-china-ponen-en-guardia-al-mercado-de-los-ee-uu-y-al-resto-del-mundo\/\" rel=\"bookmark\">Los aranceles a China ponen en guardia al mercado de los EE.UU. y al resto del mundo<\/a><\/h3><\/div>\n\t\t\t\t\t\t<\/div><!-- .dpt-entry -->\n\t\t\t\t\t\t\t\t\t\t\t\t<div class=\"dpt-entry no-thumbnail\">\n\t\t\t\t\t\t\t<div class=\"dpt-entry-wrapper\"><h3 class=\" dpt-title\"><a class=\"dpt-title-link\" href=\"http:\/\/cueroamerica.info\/wpnews\/2025\/10\/huelga-en-una-curtiembre-de-ee-uu-por-aumento-salarial-y-mas-medidas-de-seguridad\/\" rel=\"bookmark\">Huelga en una curtiembre de EE.UU. por aumento salarial y m\u00e1s medidas de seguridad<\/a><\/h3><\/div>\n\t\t\t\t\t\t<\/div><!-- .dpt-entry -->\n\t\t\t\t\t\t\t\t\t\t\t\t<div class=\"dpt-entry no-thumbnail\">\n\t\t\t\t\t\t\t<div class=\"dpt-entry-wrapper\"><h3 class=\" dpt-title\"><a class=\"dpt-title-link\" href=\"http:\/\/cueroamerica.info\/wpnews\/2025\/10\/las-marcas-de-eeuu-luchan-por-frenar-con-los-productos-falsos-en-plataformas-online\/\" rel=\"bookmark\">Las marcas de EEUU luchan por frenar con los productos falsos en plataformas online<\/a><\/h3><\/div>\n\t\t\t\t\t\t<\/div><!-- .dpt-entry -->\n\t\t\t\t\t\t\t\t\t\t\t\t<div class=\"dpt-entry no-thumbnail\">\n\t\t\t\t\t\t\t<div class=\"dpt-entry-wrapper\"><h3 class=\" dpt-title\"><a class=\"dpt-title-link\" href=\"http:\/\/cueroamerica.info\/wpnews\/2025\/09\/finalmente-ee-uu-puso-fin-al-ingreso-de-productos-sin-el-pago-de-tasas-aduaneras\/\" rel=\"bookmark\">Finalmente EE.UU. puso fin al ingreso de productos sin el pago de tasas aduaneras<\/a><\/h3><\/div>\n\t\t\t\t\t\t<\/div><!-- .dpt-entry -->\n\t\t\t\t\t\t\t\t\t\t\t\t<div class=\"dpt-entry no-thumbnail\">\n\t\t\t\t\t\t\t<div class=\"dpt-entry-wrapper\"><h3 class=\" dpt-title\"><a class=\"dpt-title-link\" href=\"http:\/\/cueroamerica.info\/wpnews\/2025\/08\/ee-uu-tuvo-un-1er-semestre-con-aumento-de-importaciones-para-ganarle-a-los-aranceles\/\" rel=\"bookmark\">EE.UU. tuvo un 1er. Semestre con suba de importaciones para \u201cganarle\u201d a los aranceles<\/a><\/h3><\/div>\n\t\t\t\t\t\t<\/div><!-- .dpt-entry -->\n\t\t\t\t\t\t\t\t\t\t\t\t<div class=\"dpt-entry no-thumbnail\">\n\t\t\t\t\t\t\t<div class=\"dpt-entry-wrapper\"><h3 class=\" dpt-title\"><a class=\"dpt-title-link\" href=\"http:\/\/cueroamerica.info\/wpnews\/2025\/08\/arancel-abicalcados-advierte-sobre-los-graves-danos-a-las-exportaciones-a-los-ee-uu\/\" rel=\"bookmark\">Arancel: Abical\u00e7ados advierte sobre los graves da\u00f1os a las exportaciones a los EE.UU.<\/a><\/h3><\/div>\n\t\t\t\t\t\t<\/div><!-- .dpt-entry -->\n\t\t\t\t\t\t\t\t\t\t\t\t<div class=\"dpt-entry no-thumbnail\">\n\t\t\t\t\t\t\t<div class=\"dpt-entry-wrapper\"><h3 class=\" dpt-title\"><a class=\"dpt-title-link\" href=\"http:\/\/cueroamerica.info\/wpnews\/2025\/08\/ee-uu-moodys-opina-que-los-aranceles-perjudican-al-sector-del-calzado-y-la-ropa\/\" rel=\"bookmark\">EE.UU.: Moody&#8217;s opina que los aranceles perjudican al sector del calzado y la ropa<\/a><\/h3><\/div>\n\t\t\t\t\t\t<\/div><!-- .dpt-entry -->\n\t\t\t\t\t\t\t\t\t\t\t\t<div class=\"dpt-entry no-thumbnail\">\n\t\t\t\t\t\t\t<div class=\"dpt-entry-wrapper\"><h3 class=\" dpt-title\"><a class=\"dpt-title-link\" href=\"http:\/\/cueroamerica.info\/wpnews\/2025\/05\/la-justicia-de-ee-uu-busca-salvar-a-trump-del-ridiculo-y-suspende-sus-locos-aranceles\/\" rel=\"bookmark\">La justicia de EE.UU. busca salvar a Trump del rid\u00edculo y suspende sus locos aranceles<\/a><\/h3><\/div>\n\t\t\t\t\t\t<\/div><!-- .dpt-entry -->\n\t\t\t\t\t\t\t\t\t\t\t\t<div class=\"dpt-entry no-thumbnail\">\n\t\t\t\t\t\t\t<div class=\"dpt-entry-wrapper\"><h3 class=\" dpt-title\"><a class=\"dpt-title-link\" href=\"http:\/\/cueroamerica.info\/wpnews\/2025\/05\/los-fabricantes-de-usa-dicen-que-los-aranceles-de-trump-deben-ayudar-la-relocalizacion\/\" rel=\"bookmark\">Los fabricantes de USA dicen que los aranceles de Trump deben ayudar la relocalizaci\u00f3n<\/a><\/h3><\/div>\n\t\t\t\t\t\t<\/div><!-- .dpt-entry -->\n\t\t\t\t\t\t\t\t\t\t\t\t<div class=\"dpt-entry no-thumbnail\">\n\t\t\t\t\t\t\t<div class=\"dpt-entry-wrapper\"><h3 class=\" dpt-title\"><a class=\"dpt-title-link\" href=\"http:\/\/cueroamerica.info\/wpnews\/2025\/05\/nike-fue-demandada-por-el-cierre-de-rtfkt-su-filial-especializada-en-los-nft\/\" rel=\"bookmark\">Nike fue demandada por el cierre de RTFKT, su filial especializada en los NFT<\/a><\/h3><\/div>\n\t\t\t\t\t\t<\/div><!-- .dpt-entry -->\n\t\t\t\t\t\t\t\t\t\t\t\t<div class=\"dpt-entry no-thumbnail\">\n\t\t\t\t\t\t\t<div class=\"dpt-entry-wrapper\"><h3 class=\" dpt-title\"><a class=\"dpt-title-link\" href=\"http:\/\/cueroamerica.info\/wpnews\/2025\/05\/ee-uu-el-grupo-3g-capital-compro-por-us9-000-millones-la-marca-deportiva-skechers\/\" rel=\"bookmark\">EE.UU.: el grupo 3G Capital adquiri\u00f3 por US$9.000 M. la marca deportiva Skechers<\/a><\/h3><\/div>\n\t\t\t\t\t\t<\/div><!-- .dpt-entry -->\n\t\t\t\t\t\t\t\t\t\t\t\t<div class=\"dpt-entry no-thumbnail\">\n\t\t\t\t\t\t\t<div class=\"dpt-entry-wrapper\"><h3 class=\" dpt-title\"><a class=\"dpt-title-link\" href=\"http:\/\/cueroamerica.info\/wpnews\/2025\/05\/adidas-nike-y-74-empresas-del-sector-desafian-a-trump-no-relocalizaran-las-fabricas-y-exigen-eliminar-aranceles\/\" rel=\"bookmark\">Adidas, Nike y 74 empresas del sector desaf\u00edan a Trump: no relocalizar\u00e1n las f\u00e1bricas y exigen eliminar aranceles<\/a><\/h3><\/div>\n\t\t\t\t\t\t<\/div><!-- .dpt-entry -->\n\t\t\t\t\t\t\n\t\t\t\t<\/div>\n\t\t\t<div class=\"dp-pagination\"><span aria-current=\"page\" class=\"page-numbers current\">1<\/span>\n<a class=\"page-numbers\" href=\"http:\/\/cueroamerica.info\/wpnews\/wp-json\/wp\/v2\/pages\/24402\/?paged1=2\">2<\/a>\n<a class=\"page-numbers\" href=\"http:\/\/cueroamerica.info\/wpnews\/wp-json\/wp\/v2\/pages\/24402\/?paged1=3\">3<\/a>\n<span class=\"page-numbers dots\">&hellip;<\/span>\n<a class=\"page-numbers\" href=\"http:\/\/cueroamerica.info\/wpnews\/wp-json\/wp\/v2\/pages\/24402\/?paged1=7\">7<\/a>\n<a class=\"next page-numbers\" href=\"http:\/\/cueroamerica.info\/wpnews\/wp-json\/wp\/v2\/pages\/24402\/?paged1=2\">Siguiente &raquo;<\/a><\/div>\t\t\t<\/div>\n\t\t\t\n","protected":false},"excerpt":{"rendered":"","protected":false},"author":3,"featured_media":0,"parent":0,"menu_order":0,"comment_status":"closed","ping_status":"closed","template":"","meta":{"footnotes":""},"class_list":["post-24402","page","type-page","status-publish","hentry","count-0","even alt","author-adminca","last"],"_links":{"self":[{"href":"http:\/\/cueroamerica.info\/wpnews\/wp-json\/wp\/v2\/pages\/24402","targetHints":{"allow":["GET"]}}],"collection":[{"href":"http:\/\/cueroamerica.info\/wpnews\/wp-json\/wp\/v2\/pages"}],"about":[{"href":"http:\/\/cueroamerica.info\/wpnews\/wp-json\/wp\/v2\/types\/page"}],"author":[{"embeddable":true,"href":"http:\/\/cueroamerica.info\/wpnews\/wp-json\/wp\/v2\/users\/3"}],"replies":[{"embeddable":true,"href":"http:\/\/cueroamerica.info\/wpnews\/wp-json\/wp\/v2\/comments?post=24402"}],"version-history":[{"count":3,"href":"http:\/\/cueroamerica.info\/wpnews\/wp-json\/wp\/v2\/pages\/24402\/revisions"}],"predecessor-version":[{"id":24425,"href":"http:\/\/cueroamerica.info\/wpnews\/wp-json\/wp\/v2\/pages\/24402\/revisions\/24425"}],"wp:attachment":[{"href":"http:\/\/cueroamerica.info\/wpnews\/wp-json\/wp\/v2\/media?parent=24402"}],"curies":[{"name":"wp","href":"https:\/\/api.w.org\/{rel}","templated":true}]}}