{"id":24404,"date":"2024-09-10T11:49:54","date_gmt":"2024-09-10T14:49:54","guid":{"rendered":"http:\/\/cueroamerica.info\/wpnews\/?page_id=24404"},"modified":"2024-10-08T10:20:41","modified_gmt":"2024-10-08T13:20:41","slug":"noticias-de-asia","status":"publish","type":"page","link":"http:\/\/cueroamerica.info\/wpnews\/noticias-de-asia\/","title":{"rendered":"Noticias de Asia"},"content":{"rendered":"\n\t\t\t<div class=\"display-post-types\">\n\t\t\t\t\n\t\t\t\t\t\t\t<style type=\"text\/css\">\n\t\t\t#dpt-wrapper-911 { --dpt-text-align: left;--dpt-image-crop: center;--dpt-border-radius: 5px;--dpt-h-gutter: 10px;--dpt-v-gutter: 10px; }\t\t\t<\/style>\n\t\t\t<style type=\"text\/css\">#dpt-wrapper-911 { --dpt-title-font-style:normal;--dpt-title-font-weight:600;--dpt-title-font-size:22px;--dpt-title-line-height:1.5;--dpt-title-text-decoration:none;--dpt-title-text-transform:none;--dpt-title-text-color:#2e1111;--dpt-title-link-hover-color:#f740ab;--dpt-excerpt-font-style:normal;--dpt-excerpt-font-weight:400;--dpt-excerpt-line-height:1.5;--dpt-excerpt-text-decoration:none;--dpt-excerpt-text-transform:none;--dpt-meta1-font-style:normal;--dpt-meta1-font-weight:700;--dpt-meta1-font-size:11px;--dpt-meta1-line-height:1.9;--dpt-meta1-text-decoration:none;--dpt-meta1-text-transform:none;--dpt-meta2-font-style:normal;--dpt-meta2-font-weight:400;--dpt-meta2-line-height:1.9;--dpt-meta2-text-decoration:none;--dpt-meta2-text-transform:none;--dpt-wrapper-padding:10px 10px 10px 10px;--dpt-wrapper-br-width:1px 1px 1px 1px;--dpt-wrapper-entry-width:80%;--dpt-wrapper-br-radius:5px 5px 5px 5px;--dpt-wrapper-br-color:; }<\/style><div class=\" dpt-main-header\"><div class=\"dpt-main-title\"><a class=\"dpt-main-title-link\" href=\"http:\/\/cueroamerica.info\/wpnews\/category\/noticias-de-asia\/\"><span class=\"dpt-main-title-text\">Noticias de Asia<\/span><\/a><\/div><\/div>\t\t\t\n\t\t\t\t<div id=\"dpt-wrapper-911\" class=\"dpt-wrapper dpt-list2 dpt-flex-wrap right-al dpt-contained-wraptype\" >\n\n\t\t\t\t\t\t\t\t\t\t\t<div class=\"dpt-entry no-thumbnail\">\n\t\t\t\t\t\t\t<div class=\"dpt-entry-wrapper\"><h3 class=\" dpt-title\"><a class=\"dpt-title-link\" href=\"http:\/\/cueroamerica.info\/wpnews\/2026\/03\/corea-denuncian-casos-de-publicidad-enganosa-que-dice-ecocuero-por-sintetico\/\" rel=\"bookmark\">Corea: denuncian casos de publicidad enga\u00f1osa que dice ecocuero por \u2018sint\u00e9tico\u2019<\/a><\/h3><\/div>\n\t\t\t\t\t\t<\/div><!-- .dpt-entry -->\n\t\t\t\t\t\t\t\t\t\t\t\t<div class=\"dpt-entry no-thumbnail\">\n\t\t\t\t\t\t\t<div class=\"dpt-entry-wrapper\"><h3 class=\" dpt-title\"><a class=\"dpt-title-link\" href=\"http:\/\/cueroamerica.info\/wpnews\/2026\/01\/china-redujo-los-aranceles-de-importacion-sobre-pieles-y-cueros-wet-blue-para-2026\/\" rel=\"bookmark\">China redujo los aranceles de importaci\u00f3n sobre pieles y cueros wet blue para 2026<\/a><\/h3><\/div>\n\t\t\t\t\t\t<\/div><!-- .dpt-entry -->\n\t\t\t\t\t\t\t\t\t\t\t\t<div class=\"dpt-entry no-thumbnail\">\n\t\t\t\t\t\t\t<div class=\"dpt-entry-wrapper\"><h3 class=\" dpt-title\"><a class=\"dpt-title-link\" href=\"http:\/\/cueroamerica.info\/wpnews\/2026\/01\/nuevos-conflictos-sociales-en-bangladesh-ponen-en-tela-de-juicio-su-estructura-productiva\/\" rel=\"bookmark\">Nuevos conflictos sociales en Bangladesh ponen en tela de juicio su estructura productiva<\/a><\/h3><\/div>\n\t\t\t\t\t\t<\/div><!-- .dpt-entry -->\n\t\t\t\t\t\t\t\t\t\t\t\t<div class=\"dpt-entry no-thumbnail\">\n\t\t\t\t\t\t\t<div class=\"dpt-entry-wrapper\"><h3 class=\" dpt-title\"><a class=\"dpt-title-link\" href=\"http:\/\/cueroamerica.info\/wpnews\/2025\/12\/segun-la-omc-las-ventas-de-calzado-y-textiles-de-china-tinen-una-tendencia-a-la-baja\/\" rel=\"bookmark\">Seg\u00fan la OMC, las ventas de calzado y textiles de China tinen una tendencia a la baja<\/a><\/h3><\/div>\n\t\t\t\t\t\t<\/div><!-- .dpt-entry -->\n\t\t\t\t\t\t\t\t\t\t\t\t<div class=\"dpt-entry no-thumbnail\">\n\t\t\t\t\t\t\t<div class=\"dpt-entry-wrapper\"><h3 class=\" dpt-title\"><a class=\"dpt-title-link\" href=\"http:\/\/cueroamerica.info\/wpnews\/2025\/11\/turquia-prohibe-el-ingreso-de-calzado-y-otros-productos-para-controlar-sustancias-nocivas\/\" rel=\"bookmark\">Turqu\u00eda proh\u00edbe el ingreso de calzado y otros productos para controlar sustancias nocivas<\/a><\/h3><\/div>\n\t\t\t\t\t\t<\/div><!-- .dpt-entry -->\n\t\t\t\t\t\t\t\t\t\t\t\t<div class=\"dpt-entry no-thumbnail\">\n\t\t\t\t\t\t\t<div class=\"dpt-entry-wrapper\"><h3 class=\" dpt-title\"><a class=\"dpt-title-link\" href=\"http:\/\/cueroamerica.info\/wpnews\/2025\/10\/denunciaron-un-nuevo-caso-de-apropiacion-en-el-caso-de-las-sandalias-chappals-indias\/\" rel=\"bookmark\">Denunciaron un nuevo caso de apropiaci\u00f3n en el caso de las sandalias chappals indias<\/a><\/h3><\/div>\n\t\t\t\t\t\t<\/div><!-- .dpt-entry -->\n\t\t\t\t\t\t\t\t\t\t\t\t<div class=\"dpt-entry no-thumbnail\">\n\t\t\t\t\t\t\t<div class=\"dpt-entry-wrapper\"><h3 class=\" dpt-title\"><a class=\"dpt-title-link\" href=\"http:\/\/cueroamerica.info\/wpnews\/2025\/10\/efecto-trump-cae-la-venta-de-calzado-de-vietnam-a-ee-uu-por-el-aumento-de-aranceles\/\" rel=\"bookmark\">Efecto Trump: cae la venta de calzado de Vietnam a EE.UU. por el aumento de aranceles<\/a><\/h3><\/div>\n\t\t\t\t\t\t<\/div><!-- .dpt-entry -->\n\t\t\t\t\t\t\t\t\t\t\t\t<div class=\"dpt-entry no-thumbnail\">\n\t\t\t\t\t\t\t<div class=\"dpt-entry-wrapper\"><h3 class=\" dpt-title\"><a class=\"dpt-title-link\" href=\"http:\/\/cueroamerica.info\/wpnews\/2025\/09\/china-la-demanda-de-autos-electricos-hace-vislumbrar-la-suba-del-consumo-de-cuero\/\" rel=\"bookmark\">China: la demanda de autos el\u00e9ctricos hace vislumbrar la suba del consumo de cuero<\/a><\/h3><\/div>\n\t\t\t\t\t\t<\/div><!-- .dpt-entry -->\n\t\t\t\t\t\t\t\t\t\t\t\t<div class=\"dpt-entry no-thumbnail\">\n\t\t\t\t\t\t\t<div class=\"dpt-entry-wrapper\"><h3 class=\" dpt-title\"><a class=\"dpt-title-link\" href=\"http:\/\/cueroamerica.info\/wpnews\/2025\/08\/una-fabrica-de-putian-china-asombra-por-la-aplicacion-de-inteligencia-artificial-y-robotica\/\" rel=\"bookmark\">Una f\u00e1brica de Putian, China, asombra por la aplicaci\u00f3n de inteligencia artificial y rob\u00f3tica<\/a><\/h3><\/div>\n\t\t\t\t\t\t<\/div><!-- .dpt-entry -->\n\t\t\t\t\t\t\t\t\t\t\t\t<div class=\"dpt-entry no-thumbnail\">\n\t\t\t\t\t\t\t<div class=\"dpt-entry-wrapper\"><h3 class=\" dpt-title\"><a class=\"dpt-title-link\" href=\"http:\/\/cueroamerica.info\/wpnews\/2025\/08\/tambien-india-sufre-la-suba-injustificada-de-aranceles-a-sus-exportaciones-a-ee-uu\/\" rel=\"bookmark\">Tambi\u00e9n India sufre la suba injustificada de aranceles a sus exportaciones a EE.UU.<\/a><\/h3><\/div>\n\t\t\t\t\t\t<\/div><!-- .dpt-entry -->\n\t\t\t\t\t\t\t\t\t\t\t\t<div class=\"dpt-entry no-thumbnail\">\n\t\t\t\t\t\t\t<div class=\"dpt-entry-wrapper\"><h3 class=\" dpt-title\"><a class=\"dpt-title-link\" href=\"http:\/\/cueroamerica.info\/wpnews\/2025\/07\/el-calzado-de-china-avanza-a-nuevos-mercados-y-genera-crisis-en-diversas-industrias\/\" rel=\"bookmark\">El calzado de China avanza a nuevos mercados y genera crisis en diversas industrias<\/a><\/h3><\/div>\n\t\t\t\t\t\t<\/div><!-- .dpt-entry -->\n\t\t\t\t\t\t\t\t\t\t\t\t<div class=\"dpt-entry no-thumbnail\">\n\t\t\t\t\t\t\t<div class=\"dpt-entry-wrapper\"><h3 class=\" dpt-title\"><a class=\"dpt-title-link\" href=\"http:\/\/cueroamerica.info\/wpnews\/2025\/07\/la-industria-china-se-provee-de-cueros-en-la-expectativa-de-una-recuperacion-sectorial\/\" rel=\"bookmark\">La industria china se provee de cueros en la expectativa de una recuperaci\u00f3n sectorial<\/a><\/h3><\/div>\n\t\t\t\t\t\t<\/div><!-- .dpt-entry -->\n\t\t\t\t\t\t\t\t\t\t\t\t<div class=\"dpt-entry no-thumbnail\">\n\t\t\t\t\t\t\t<div class=\"dpt-entry-wrapper\"><h3 class=\" dpt-title\"><a class=\"dpt-title-link\" href=\"http:\/\/cueroamerica.info\/wpnews\/2025\/05\/la-union-europea-y-emiratos-arabes-inician-el-dialogo-por-un-tratado-de-libre-comercio\/\" rel=\"bookmark\">La Uni\u00f3n Europea y Emiratos \u00c1rabes inician el di\u00e1logo por un tratado de libre comercio<\/a><\/h3><\/div>\n\t\t\t\t\t\t<\/div><!-- .dpt-entry -->\n\t\t\t\t\t\t\t\t\t\t\t\t<div class=\"dpt-entry no-thumbnail\">\n\t\t\t\t\t\t\t<div class=\"dpt-entry-wrapper\"><h3 class=\" dpt-title\"><a class=\"dpt-title-link\" href=\"http:\/\/cueroamerica.info\/wpnews\/2025\/01\/25185\/\" rel=\"bookmark\">Un informe de mercado opina que, por ahora, China seguir\u00e1 siendo clave para el cuero<\/a><\/h3><\/div>\n\t\t\t\t\t\t<\/div><!-- .dpt-entry -->\n\t\t\t\t\t\t\n\t\t\t\t<\/div>\n\t\t\t<div class=\"dp-pagination\"><span aria-current=\"page\" class=\"page-numbers current\">1<\/span>\n<a class=\"page-numbers\" href=\"http:\/\/cueroamerica.info\/wpnews\/wp-json\/wp\/v2\/pages\/24404\/?paged1=2\">2<\/a>\n<a class=\"page-numbers\" href=\"http:\/\/cueroamerica.info\/wpnews\/wp-json\/wp\/v2\/pages\/24404\/?paged1=3\">3<\/a>\n<span class=\"page-numbers dots\">&hellip;<\/span>\n<a class=\"page-numbers\" href=\"http:\/\/cueroamerica.info\/wpnews\/wp-json\/wp\/v2\/pages\/24404\/?paged1=12\">12<\/a>\n<a class=\"next page-numbers\" href=\"http:\/\/cueroamerica.info\/wpnews\/wp-json\/wp\/v2\/pages\/24404\/?paged1=2\">Siguiente &raquo;<\/a><\/div>\t\t\t<\/div>\n\t\t\t\n","protected":false},"excerpt":{"rendered":"","protected":false},"author":3,"featured_media":0,"parent":0,"menu_order":0,"comment_status":"closed","ping_status":"closed","template":"","meta":{"footnotes":""},"class_list":["post-24404","page","type-page","status-publish","hentry","count-0","even alt","author-adminca","last"],"_links":{"self":[{"href":"http:\/\/cueroamerica.info\/wpnews\/wp-json\/wp\/v2\/pages\/24404","targetHints":{"allow":["GET"]}}],"collection":[{"href":"http:\/\/cueroamerica.info\/wpnews\/wp-json\/wp\/v2\/pages"}],"about":[{"href":"http:\/\/cueroamerica.info\/wpnews\/wp-json\/wp\/v2\/types\/page"}],"author":[{"embeddable":true,"href":"http:\/\/cueroamerica.info\/wpnews\/wp-json\/wp\/v2\/users\/3"}],"replies":[{"embeddable":true,"href":"http:\/\/cueroamerica.info\/wpnews\/wp-json\/wp\/v2\/comments?post=24404"}],"version-history":[{"count":2,"href":"http:\/\/cueroamerica.info\/wpnews\/wp-json\/wp\/v2\/pages\/24404\/revisions"}],"predecessor-version":[{"id":24426,"href":"http:\/\/cueroamerica.info\/wpnews\/wp-json\/wp\/v2\/pages\/24404\/revisions\/24426"}],"wp:attachment":[{"href":"http:\/\/cueroamerica.info\/wpnews\/wp-json\/wp\/v2\/media?parent=24404"}],"curies":[{"name":"wp","href":"https:\/\/api.w.org\/{rel}","templated":true}]}}