{"id":24409,"date":"2024-09-10T11:55:13","date_gmt":"2024-09-10T14:55:13","guid":{"rendered":"http:\/\/cueroamerica.info\/wpnews\/?page_id=24409"},"modified":"2024-10-08T10:20:41","modified_gmt":"2024-10-08T13:20:41","slug":"noticias-de-europa","status":"publish","type":"page","link":"http:\/\/cueroamerica.info\/wpnews\/noticias-de-europa\/","title":{"rendered":"Noticias de Europa"},"content":{"rendered":"\n\t\t\t<div class=\"display-post-types\">\n\t\t\t\t\n\t\t\t\t\t\t\t<style type=\"text\/css\">\n\t\t\t#dpt-wrapper-779 { --dpt-text-align: left;--dpt-image-crop: center;--dpt-border-radius: 5px;--dpt-h-gutter: 10px;--dpt-v-gutter: 10px; }\t\t\t<\/style>\n\t\t\t<style type=\"text\/css\">#dpt-wrapper-779 { --dpt-title-font-style:normal;--dpt-title-font-weight:600;--dpt-title-font-size:22px;--dpt-title-line-height:1.5;--dpt-title-text-decoration:none;--dpt-title-text-transform:none;--dpt-title-text-color:#2e1111;--dpt-title-link-hover-color:#f740ab;--dpt-excerpt-font-style:normal;--dpt-excerpt-font-weight:400;--dpt-excerpt-line-height:1.5;--dpt-excerpt-text-decoration:none;--dpt-excerpt-text-transform:none;--dpt-meta1-font-style:normal;--dpt-meta1-font-weight:700;--dpt-meta1-font-size:11px;--dpt-meta1-line-height:1.9;--dpt-meta1-text-decoration:none;--dpt-meta1-text-transform:none;--dpt-meta2-font-style:normal;--dpt-meta2-font-weight:400;--dpt-meta2-line-height:1.9;--dpt-meta2-text-decoration:none;--dpt-meta2-text-transform:none;--dpt-wrapper-padding:10px 10px 10px 10px;--dpt-wrapper-br-width:1px 1px 1px 1px;--dpt-wrapper-entry-width:80%;--dpt-wrapper-br-radius:5px 5px 5px 5px;--dpt-wrapper-br-color:; }<\/style><div class=\" dpt-main-header\"><div class=\"dpt-main-title\"><a class=\"dpt-main-title-link\" href=\"http:\/\/cueroamerica.info\/wpnews\/category\/noticias-de-europa\/\"><span class=\"dpt-main-title-text\">Noticias de Europa<\/span><\/a><\/div><\/div>\t\t\t\n\t\t\t\t<div id=\"dpt-wrapper-779\" class=\"dpt-wrapper dpt-list2 dpt-flex-wrap right-al dpt-contained-wraptype\" >\n\n\t\t\t\t\t\t\t\t\t\t\t<div class=\"dpt-entry no-thumbnail\">\n\t\t\t\t\t\t\t<div class=\"dpt-entry-wrapper\"><h3 class=\" dpt-title\"><a class=\"dpt-title-link\" href=\"http:\/\/cueroamerica.info\/wpnews\/2026\/03\/el-sector-cuero-de-italia-llega-a-la-academia-promoviendo-el-master-en-gestion-de-la-moda\/\" rel=\"bookmark\">El sector cuero de Italia llega a la academia promoviendo el Master en Gesti\u00f3n de la Moda<\/a><\/h3><\/div>\n\t\t\t\t\t\t<\/div><!-- .dpt-entry -->\n\t\t\t\t\t\t\t\t\t\t\t\t<div class=\"dpt-entry no-thumbnail\">\n\t\t\t\t\t\t\t<div class=\"dpt-entry-wrapper\"><h3 class=\" dpt-title\"><a class=\"dpt-title-link\" href=\"http:\/\/cueroamerica.info\/wpnews\/2026\/03\/el-cuero-y-el-calzado-italiano-cerraron-un-2025-con-caidas-en-produccion-y-exportacion\/\" rel=\"bookmark\">El cuero y el calzado italiano cerraron un 2025 con ca\u00eddas en producci\u00f3n y exportaci\u00f3n<\/a><\/h3><\/div>\n\t\t\t\t\t\t<\/div><!-- .dpt-entry -->\n\t\t\t\t\t\t\t\t\t\t\t\t<div class=\"dpt-entry no-thumbnail\">\n\t\t\t\t\t\t\t<div class=\"dpt-entry-wrapper\"><h3 class=\" dpt-title\"><a class=\"dpt-title-link\" href=\"http:\/\/cueroamerica.info\/wpnews\/2026\/02\/portugal-en-2025-sostuvo-las-exportaciones-de-calzado-y-este-ano-proyecta-crecer\/\" rel=\"bookmark\">Portugal: en 2025 sostuvo las exportaciones de calzado y este a\u00f1o proyecta crecer<\/a><\/h3><\/div>\n\t\t\t\t\t\t<\/div><!-- .dpt-entry -->\n\t\t\t\t\t\t\t\t\t\t\t\t<div class=\"dpt-entry no-thumbnail\">\n\t\t\t\t\t\t\t<div class=\"dpt-entry-wrapper\"><h3 class=\" dpt-title\"><a class=\"dpt-title-link\" href=\"http:\/\/cueroamerica.info\/wpnews\/2026\/01\/italia-cuando-las-grandes-se-frenan-las-curtidurias-se-fijan-otra-vez-en-los-mas-pequenos\/\" rel=\"bookmark\">Italia: cuando las grandes se frenan las curtidur\u00edas se fijan otra vez en los m\u00e1s peque\u00f1os<\/a><\/h3><\/div>\n\t\t\t\t\t\t<\/div><!-- .dpt-entry -->\n\t\t\t\t\t\t\t\t\t\t\t\t<div class=\"dpt-entry no-thumbnail\">\n\t\t\t\t\t\t\t<div class=\"dpt-entry-wrapper\"><h3 class=\" dpt-title\"><a class=\"dpt-title-link\" href=\"http:\/\/cueroamerica.info\/wpnews\/2025\/12\/shein-ya-inauguro-en-polonia-su-principal-hub-logistico-para-atender-al-mercado-de-europa\/\" rel=\"bookmark\">Shein ya inaugur\u00f3 en Polonia su principal hub log\u00edstico para atender al mercado de Europa<\/a><\/h3><\/div>\n\t\t\t\t\t\t<\/div><!-- .dpt-entry -->\n\t\t\t\t\t\t\t\t\t\t\t\t<div class=\"dpt-entry no-thumbnail\">\n\t\t\t\t\t\t\t<div class=\"dpt-entry-wrapper\"><h3 class=\" dpt-title\"><a class=\"dpt-title-link\" href=\"http:\/\/cueroamerica.info\/wpnews\/2025\/12\/italia-destinan-e-15-millones-para-investigar-como-era-el-curtido-en-el-imperio-romano\/\" rel=\"bookmark\">Italia: destinan \u20ac 1,5 millones para investigar c\u00f3mo era el curtido en el Imperio Romano<\/a><\/h3><\/div>\n\t\t\t\t\t\t<\/div><!-- .dpt-entry -->\n\t\t\t\t\t\t\t\t\t\t\t\t<div class=\"dpt-entry no-thumbnail\">\n\t\t\t\t\t\t\t<div class=\"dpt-entry-wrapper\"><h3 class=\" dpt-title\"><a class=\"dpt-title-link\" href=\"http:\/\/cueroamerica.info\/wpnews\/2025\/12\/europa-urge-la-aplicacion-de-materiales-de-base-biologica-y-reemplazar-a-los-sinteticos\/\" rel=\"bookmark\">Europa urge la aplicaci\u00f3n de materiales de base biol\u00f3gica y reemplazar a los sint\u00e9ticos<\/a><\/h3><\/div>\n\t\t\t\t\t\t<\/div><!-- .dpt-entry -->\n\t\t\t\t\t\t\t\t\t\t\t\t<div class=\"dpt-entry no-thumbnail\">\n\t\t\t\t\t\t\t<div class=\"dpt-entry-wrapper\"><h3 class=\" dpt-title\"><a class=\"dpt-title-link\" href=\"http:\/\/cueroamerica.info\/wpnews\/2025\/12\/el-parlamento-europeo-ya-postergo-la-aplicacion-y-voto-la-simplificacion-del-eudr\/\" rel=\"bookmark\">El Parlamento Europeo ya posterg\u00f3 la aplicaci\u00f3n y vot\u00f3 la simplificaci\u00f3n del EUDR<\/a><\/h3><\/div>\n\t\t\t\t\t\t<\/div><!-- .dpt-entry -->\n\t\t\t\t\t\t\t\t\t\t\t\t<div class=\"dpt-entry no-thumbnail\">\n\t\t\t\t\t\t\t<div class=\"dpt-entry-wrapper\"><h3 class=\" dpt-title\"><a class=\"dpt-title-link\" href=\"http:\/\/cueroamerica.info\/wpnews\/2025\/11\/europa-fin-a-los-paquetes-sin-impuestos-para-proteger-a-la-industria-y-el-comercio\/\" rel=\"bookmark\">Europa: fin a los paquetes sin impuestos para proteger a la industria y el comercio<\/a><\/h3><\/div>\n\t\t\t\t\t\t<\/div><!-- .dpt-entry -->\n\t\t\t\t\t\t\t\t\t\t\t\t<div class=\"dpt-entry no-thumbnail\">\n\t\t\t\t\t\t\t<div class=\"dpt-entry-wrapper\"><h3 class=\" dpt-title\"><a class=\"dpt-title-link\" href=\"http:\/\/cueroamerica.info\/wpnews\/2025\/11\/italia-busca-certificar-a-los-talleres-que-producen-para-las-grandes-marcas-de-lujo\/\" rel=\"bookmark\">Italia busca certificar a los talleres que producen para las grandes marcas de lujo<\/a><\/h3><\/div>\n\t\t\t\t\t\t<\/div><!-- .dpt-entry -->\n\t\t\t\t\t\t\t\t\t\t\t\t<div class=\"dpt-entry no-thumbnail\">\n\t\t\t\t\t\t\t<div class=\"dpt-entry-wrapper\"><h3 class=\" dpt-title\"><a class=\"dpt-title-link\" href=\"http:\/\/cueroamerica.info\/wpnews\/2025\/11\/gsc-group-presento-el-5to-informe-de-sostenibilidad-en-linea-con-normas-de-la-onu\/\" rel=\"bookmark\">GSC Group present\u00f3 el 5to. informe de sostenibilidad en l\u00ednea con normas de la ONU<\/a><\/h3><\/div>\n\t\t\t\t\t\t<\/div><!-- .dpt-entry -->\n\t\t\t\t\t\t\t\t\t\t\t\t<div class=\"dpt-entry no-thumbnail\">\n\t\t\t\t\t\t\t<div class=\"dpt-entry-wrapper\"><h3 class=\" dpt-title\"><a class=\"dpt-title-link\" href=\"http:\/\/cueroamerica.info\/wpnews\/2025\/10\/los-curtidores-europeos-van-por-el-acuerdo-u-e-mercosur-en-busca-de-cueros-baratos\/\" rel=\"bookmark\">Los curtidores europeos van por el acuerdo U.E.-Mercosur en busca de cueros baratos<\/a><\/h3><\/div>\n\t\t\t\t\t\t<\/div><!-- .dpt-entry -->\n\t\t\t\t\t\t\t\t\t\t\t\t<div class=\"dpt-entry no-thumbnail\">\n\t\t\t\t\t\t\t<div class=\"dpt-entry-wrapper\"><h3 class=\" dpt-title\"><a class=\"dpt-title-link\" href=\"http:\/\/cueroamerica.info\/wpnews\/2025\/10\/las-exportaciones-espanolas-de-calzado-siguen-cayendo-pero-crecen-las-importaciones\/\" rel=\"bookmark\">Las exportaciones espa\u00f1olas de calzado siguen cayendo pero crecen las importaciones<\/a><\/h3><\/div>\n\t\t\t\t\t\t<\/div><!-- .dpt-entry -->\n\t\t\t\t\t\t\t\t\t\t\t\t<div class=\"dpt-entry no-thumbnail\">\n\t\t\t\t\t\t\t<div class=\"dpt-entry-wrapper\"><h3 class=\" dpt-title\"><a class=\"dpt-title-link\" href=\"http:\/\/cueroamerica.info\/wpnews\/2025\/09\/portugal-presenta-su-proyecto-faist-en-busca-de-ser-una-de-las-industrias-del-calzado-mas-avanzadas-del-mundo\/\" rel=\"bookmark\">Portugal presenta su proyecto FAIST en busca de ser una de las industrias del calzado m\u00e1s avanzadas del mundo<\/a><\/h3><\/div>\n\t\t\t\t\t\t<\/div><!-- .dpt-entry -->\n\t\t\t\t\t\t\n\t\t\t\t<\/div>\n\t\t\t<div class=\"dp-pagination\"><span aria-current=\"page\" class=\"page-numbers current\">1<\/span>\n<a class=\"page-numbers\" href=\"http:\/\/cueroamerica.info\/wpnews\/wp-json\/wp\/v2\/pages\/24409\/?paged1=2\">2<\/a>\n<a class=\"page-numbers\" href=\"http:\/\/cueroamerica.info\/wpnews\/wp-json\/wp\/v2\/pages\/24409\/?paged1=3\">3<\/a>\n<span class=\"page-numbers dots\">&hellip;<\/span>\n<a class=\"page-numbers\" href=\"http:\/\/cueroamerica.info\/wpnews\/wp-json\/wp\/v2\/pages\/24409\/?paged1=24\">24<\/a>\n<a class=\"next page-numbers\" href=\"http:\/\/cueroamerica.info\/wpnews\/wp-json\/wp\/v2\/pages\/24409\/?paged1=2\">Siguiente &raquo;<\/a><\/div>\t\t\t<\/div>\n\t\t\t\n","protected":false},"excerpt":{"rendered":"","protected":false},"author":3,"featured_media":0,"parent":0,"menu_order":0,"comment_status":"closed","ping_status":"closed","template":"","meta":{"footnotes":""},"class_list":["post-24409","page","type-page","status-publish","hentry","count-0","even alt","author-adminca","last"],"_links":{"self":[{"href":"http:\/\/cueroamerica.info\/wpnews\/wp-json\/wp\/v2\/pages\/24409","targetHints":{"allow":["GET"]}}],"collection":[{"href":"http:\/\/cueroamerica.info\/wpnews\/wp-json\/wp\/v2\/pages"}],"about":[{"href":"http:\/\/cueroamerica.info\/wpnews\/wp-json\/wp\/v2\/types\/page"}],"author":[{"embeddable":true,"href":"http:\/\/cueroamerica.info\/wpnews\/wp-json\/wp\/v2\/users\/3"}],"replies":[{"embeddable":true,"href":"http:\/\/cueroamerica.info\/wpnews\/wp-json\/wp\/v2\/comments?post=24409"}],"version-history":[{"count":2,"href":"http:\/\/cueroamerica.info\/wpnews\/wp-json\/wp\/v2\/pages\/24409\/revisions"}],"predecessor-version":[{"id":24427,"href":"http:\/\/cueroamerica.info\/wpnews\/wp-json\/wp\/v2\/pages\/24409\/revisions\/24427"}],"wp:attachment":[{"href":"http:\/\/cueroamerica.info\/wpnews\/wp-json\/wp\/v2\/media?parent=24409"}],"curies":[{"name":"wp","href":"https:\/\/api.w.org\/{rel}","templated":true}]}}