{"id":24430,"date":"2024-09-11T21:16:58","date_gmt":"2024-09-12T00:16:58","guid":{"rendered":"http:\/\/cueroamerica.info\/wpnews\/?page_id=24430"},"modified":"2024-10-08T10:39:51","modified_gmt":"2024-10-08T13:39:51","slug":"empresas-y-negocios","status":"publish","type":"page","link":"http:\/\/cueroamerica.info\/wpnews\/empresas-y-negocios\/","title":{"rendered":"Empresas y Negocios"},"content":{"rendered":"\n\t\t\t<div class=\"display-post-types\">\n\t\t\t\t\n\t\t\t\t\t\t\t<style type=\"text\/css\">\n\t\t\t#dpt-wrapper-84 { --dpt-text-align: left;--dpt-image-crop: center;--dpt-border-radius: 5px;--dpt-h-gutter: 10px;--dpt-v-gutter: 10px; }\t\t\t<\/style>\n\t\t\t<style type=\"text\/css\">#dpt-wrapper-84 { --dpt-title-font-style:normal;--dpt-title-font-weight:600;--dpt-title-font-size:22px;--dpt-title-line-height:1.5;--dpt-title-text-decoration:none;--dpt-title-text-transform:none;--dpt-title-text-color:#2e1111;--dpt-title-link-hover-color:#f740ab;--dpt-excerpt-font-style:normal;--dpt-excerpt-font-weight:400;--dpt-excerpt-line-height:1.5;--dpt-excerpt-text-decoration:none;--dpt-excerpt-text-transform:none;--dpt-meta1-font-style:normal;--dpt-meta1-font-weight:400;--dpt-meta1-line-height:1.9;--dpt-meta1-text-decoration:none;--dpt-meta1-text-transform:none;--dpt-meta2-font-style:normal;--dpt-meta2-font-weight:400;--dpt-meta2-line-height:1.9;--dpt-meta2-text-decoration:none;--dpt-meta2-text-transform:none;--dpt-wrapper-padding:10px 10px 10px 10px;--dpt-wrapper-br-width:1px 1px 1px 1px;--dpt-wrapper-entry-width:80%;--dpt-wrapper-br-radius:5px 5px 5px 5px;--dpt-wrapper-br-color:; }<\/style><div class=\" dpt-main-header\"><div class=\"dpt-main-title\"><a class=\"dpt-main-title-link\" href=\"http:\/\/cueroamerica.info\/wpnews\/category\/empresas-y-negocios\/\"><span class=\"dpt-main-title-text\">Empresas y Negocios<\/span><\/a><\/div><\/div>\t\t\t\n\t\t\t\t<div id=\"dpt-wrapper-84\" class=\"dpt-wrapper dpt-list2 dpt-flex-wrap dpt-contained-wraptype\" >\n\n\t\t\t\t\t\t\t\t\t\t\t<div class=\"dpt-entry no-thumbnail\">\n\t\t\t\t\t\t\t<div class=\"dpt-entry-wrapper\"><h3 class=\" dpt-title\"><a class=\"dpt-title-link\" href=\"http:\/\/cueroamerica.info\/wpnews\/2026\/04\/curtido-danese-compro-la-empresa-alemana-zwaans-especialista-en-estampado\/\" rel=\"bookmark\">Curtido: Danese compr\u00f3 la empresa alemana Zwaans, especialista en estampado<\/a><\/h3><\/div>\n\t\t\t\t\t\t<\/div><!-- .dpt-entry -->\n\t\t\t\t\t\t\t\t\t\t\t\t<div class=\"dpt-entry no-thumbnail\">\n\t\t\t\t\t\t\t<div class=\"dpt-entry-wrapper\"><h3 class=\" dpt-title\"><a class=\"dpt-title-link\" href=\"http:\/\/cueroamerica.info\/wpnews\/2026\/03\/nike-se-expande-en-argentina-y-planea-abrir-al-menos-cuatro-tiendas-en-el-interior-del-pais\/\" rel=\"bookmark\">Nike se expande en Argentina y planea abrir al menos cuatro tiendas en el interior del pa\u00eds<\/a><\/h3><\/div>\n\t\t\t\t\t\t<\/div><!-- .dpt-entry -->\n\t\t\t\t\t\t\t\t\t\t\t\t<div class=\"dpt-entry no-thumbnail\">\n\t\t\t\t\t\t\t<div class=\"dpt-entry-wrapper\"><h3 class=\" dpt-title\"><a class=\"dpt-title-link\" href=\"http:\/\/cueroamerica.info\/wpnews\/2026\/03\/fgl-international-compro-la-division-de-quimicos-para-acabado-de-cuero-de-repico\/\" rel=\"bookmark\">FGL International compr\u00f3 la divisi\u00f3n de qu\u00edmicos para acabado de cuero de Repico<\/a><\/h3><\/div>\n\t\t\t\t\t\t<\/div><!-- .dpt-entry -->\n\t\t\t\t\t\t\t\t\t\t\t\t<div class=\"dpt-entry no-thumbnail\">\n\t\t\t\t\t\t\t<div class=\"dpt-entry-wrapper\"><h3 class=\" dpt-title\"><a class=\"dpt-title-link\" href=\"http:\/\/cueroamerica.info\/wpnews\/2026\/02\/archroma-realizo-su-primera-presentacion-en-iilf-de-india-con-sus-productos-para-cuero\/\" rel=\"bookmark\">Archroma realiz\u00f3 su primera presentaci\u00f3n en IILF de India con sus productos para cuero<\/a><\/h3><\/div>\n\t\t\t\t\t\t<\/div><!-- .dpt-entry -->\n\t\t\t\t\t\t\t\t\t\t\t\t<div class=\"dpt-entry no-thumbnail\">\n\t\t\t\t\t\t\t<div class=\"dpt-entry-wrapper\"><h3 class=\" dpt-title\"><a class=\"dpt-title-link\" href=\"http:\/\/cueroamerica.info\/wpnews\/2026\/02\/henkel-concreto-la-compra-de-stahl-por-us-2-100-millones-y-conmociona-a-la-industria\/\" rel=\"bookmark\">Henkel concret\u00f3 la compra de Stahl por US$ 2.100 millones y conmociona a la industria<\/a><\/h3><\/div>\n\t\t\t\t\t\t<\/div><!-- .dpt-entry -->\n\t\t\t\t\t\t\t\t\t\t\t\t<div class=\"dpt-entry no-thumbnail\">\n\t\t\t\t\t\t\t<div class=\"dpt-entry-wrapper\"><h3 class=\" dpt-title\"><a class=\"dpt-title-link\" href=\"http:\/\/cueroamerica.info\/wpnews\/2026\/01\/el-bureau-veritas-adquirio-la-consultora-spin360-dedicada-a-asesoria-en-sostenibilidad\/\" rel=\"bookmark\">El Bureau Veritas adquiri\u00f3 la consultora SPIN360 dedicada a asesor\u00eda en sostenibilidad<\/a><\/h3><\/div>\n\t\t\t\t\t\t<\/div><!-- .dpt-entry -->\n\t\t\t\t\t\t\t\t\t\t\t\t<div class=\"dpt-entry no-thumbnail\">\n\t\t\t\t\t\t\t<div class=\"dpt-entry-wrapper\"><h3 class=\" dpt-title\"><a class=\"dpt-title-link\" href=\"http:\/\/cueroamerica.info\/wpnews\/2026\/01\/muno-una-nueva-compania-de-productos-para-el-cuero-wet-end-con-calidad-stahl\/\" rel=\"bookmark\">Muno, una nueva compa\u00f1\u00eda de productos para el cuero wet-end, con calidad \u2018Stahl\u2019<\/a><\/h3><\/div>\n\t\t\t\t\t\t<\/div><!-- .dpt-entry -->\n\t\t\t\t\t\t\t\t\t\t\t\t<div class=\"dpt-entry no-thumbnail\">\n\t\t\t\t\t\t\t<div class=\"dpt-entry-wrapper\"><h3 class=\" dpt-title\"><a class=\"dpt-title-link\" href=\"http:\/\/cueroamerica.info\/wpnews\/2026\/01\/new-balance-inauguro-dos-nuevas-tiendas-en-peru-durante-el-mes-de-diciembre\/\" rel=\"bookmark\">New Balance inaugur\u00f3 dos nuevas tiendas en Per\u00fa durante el mes de diciembre<\/a><\/h3><\/div>\n\t\t\t\t\t\t<\/div><!-- .dpt-entry -->\n\t\t\t\t\t\t\t\t\t\t\t\t<div class=\"dpt-entry no-thumbnail\">\n\t\t\t\t\t\t\t<div class=\"dpt-entry-wrapper\"><h3 class=\" dpt-title\"><a class=\"dpt-title-link\" href=\"http:\/\/cueroamerica.info\/wpnews\/2025\/12\/jbs-couros-y-el-grupo-viva-se-fusionan-y-crean-el-mayor-grupo-de-cueros-del-mundo\/\" rel=\"bookmark\">JBS Couros y el Grupo Viva se fusionan y crean el mayor grupo de cueros del mundo<\/a><\/h3><\/div>\n\t\t\t\t\t\t<\/div><!-- .dpt-entry -->\n\t\t\t\t\t\t\t\t\t\t\t\t<div class=\"dpt-entry no-thumbnail\">\n\t\t\t\t\t\t\t<div class=\"dpt-entry-wrapper\"><h3 class=\" dpt-title\"><a class=\"dpt-title-link\" href=\"http:\/\/cueroamerica.info\/wpnews\/2025\/12\/wandergreen-una-empresa-de-productos-sostenibles-para-viajeros-sustentables\/\" rel=\"bookmark\">Wandergreen, una empresa de productos sostenibles para viajeros sustentables<\/a><\/h3><\/div>\n\t\t\t\t\t\t<\/div><!-- .dpt-entry -->\n\t\t\t\t\t\t\t\t\t\t\t\t<div class=\"dpt-entry no-thumbnail\">\n\t\t\t\t\t\t\t<div class=\"dpt-entry-wrapper\"><h3 class=\" dpt-title\"><a class=\"dpt-title-link\" href=\"http:\/\/cueroamerica.info\/wpnews\/2025\/12\/la-colombiana-velez-sigue-con-su-plan-de-expansion-en-sudamerica-y-llega-a-chile\/\" rel=\"bookmark\">La colombiana V\u00e9lez sigue con su plan de expansi\u00f3n en Sudam\u00e9rica y llega a Chile<\/a><\/h3><\/div>\n\t\t\t\t\t\t<\/div><!-- .dpt-entry -->\n\t\t\t\t\t\t\t\t\t\t\t\t<div class=\"dpt-entry no-thumbnail\">\n\t\t\t\t\t\t\t<div class=\"dpt-entry-wrapper\"><h3 class=\" dpt-title\"><a class=\"dpt-title-link\" href=\"http:\/\/cueroamerica.info\/wpnews\/2025\/12\/mario-hernandez-lanzo-una-coleccion-junto-a-disney-con-el-personaje-de-mickey-mouse\/\" rel=\"bookmark\">Mario Hern\u00e1ndez lanz\u00f3 una colecci\u00f3n junto a Disney con el personaje de Mickey Mouse<\/a><\/h3><\/div>\n\t\t\t\t\t\t<\/div><!-- .dpt-entry -->\n\t\t\t\t\t\t\t\t\t\t\t\t<div class=\"dpt-entry no-thumbnail\">\n\t\t\t\t\t\t\t<div class=\"dpt-entry-wrapper\"><h3 class=\" dpt-title\"><a class=\"dpt-title-link\" href=\"http:\/\/cueroamerica.info\/wpnews\/2025\/11\/bosi-festeja-el-50-aniversario-apostando-a-la-calidad-la-creatividad-y-el-buen-diseno\/\" rel=\"bookmark\">Bosi festeja el 50 Aniversario apostando a la calidad, la creatividad y el buen dise\u00f1o<\/a><\/h3><\/div>\n\t\t\t\t\t\t<\/div><!-- .dpt-entry -->\n\t\t\t\t\t\t\t\t\t\t\t\t<div class=\"dpt-entry no-thumbnail\">\n\t\t\t\t\t\t\t<div class=\"dpt-entry-wrapper\"><h3 class=\" dpt-title\"><a class=\"dpt-title-link\" href=\"http:\/\/cueroamerica.info\/wpnews\/2025\/11\/gsc-group-presento-el-5to-informe-de-sostenibilidad-en-linea-con-normas-de-la-onu\/\" rel=\"bookmark\">GSC Group present\u00f3 el 5to. informe de sostenibilidad en l\u00ednea con normas de la ONU<\/a><\/h3><\/div>\n\t\t\t\t\t\t<\/div><!-- .dpt-entry -->\n\t\t\t\t\t\t\n\t\t\t\t<\/div>\n\t\t\t<div class=\"dp-pagination\"><span aria-current=\"page\" class=\"page-numbers current\">1<\/span>\n<a class=\"page-numbers\" href=\"http:\/\/cueroamerica.info\/wpnews\/wp-json\/wp\/v2\/pages\/24430\/?paged1=2\">2<\/a>\n<a class=\"page-numbers\" href=\"http:\/\/cueroamerica.info\/wpnews\/wp-json\/wp\/v2\/pages\/24430\/?paged1=3\">3<\/a>\n<span class=\"page-numbers dots\">&hellip;<\/span>\n<a class=\"page-numbers\" href=\"http:\/\/cueroamerica.info\/wpnews\/wp-json\/wp\/v2\/pages\/24430\/?paged1=54\">54<\/a>\n<a class=\"next page-numbers\" href=\"http:\/\/cueroamerica.info\/wpnews\/wp-json\/wp\/v2\/pages\/24430\/?paged1=2\">Siguiente &raquo;<\/a><\/div>\t\t\t<\/div>\n\t\t\t\n","protected":false},"excerpt":{"rendered":"","protected":false},"author":3,"featured_media":0,"parent":0,"menu_order":0,"comment_status":"closed","ping_status":"closed","template":"","meta":{"footnotes":""},"class_list":["post-24430","page","type-page","status-publish","hentry","count-0","even alt","author-adminca","last"],"_links":{"self":[{"href":"http:\/\/cueroamerica.info\/wpnews\/wp-json\/wp\/v2\/pages\/24430","targetHints":{"allow":["GET"]}}],"collection":[{"href":"http:\/\/cueroamerica.info\/wpnews\/wp-json\/wp\/v2\/pages"}],"about":[{"href":"http:\/\/cueroamerica.info\/wpnews\/wp-json\/wp\/v2\/types\/page"}],"author":[{"embeddable":true,"href":"http:\/\/cueroamerica.info\/wpnews\/wp-json\/wp\/v2\/users\/3"}],"replies":[{"embeddable":true,"href":"http:\/\/cueroamerica.info\/wpnews\/wp-json\/wp\/v2\/comments?post=24430"}],"version-history":[{"count":2,"href":"http:\/\/cueroamerica.info\/wpnews\/wp-json\/wp\/v2\/pages\/24430\/revisions"}],"predecessor-version":[{"id":24635,"href":"http:\/\/cueroamerica.info\/wpnews\/wp-json\/wp\/v2\/pages\/24430\/revisions\/24635"}],"wp:attachment":[{"href":"http:\/\/cueroamerica.info\/wpnews\/wp-json\/wp\/v2\/media?parent=24430"}],"curies":[{"name":"wp","href":"https:\/\/api.w.org\/{rel}","templated":true}]}}