{"id":24437,"date":"2024-09-11T21:35:27","date_gmt":"2024-09-12T00:35:27","guid":{"rendered":"http:\/\/cueroamerica.info\/wpnews\/?page_id=24437"},"modified":"2024-10-08T10:20:41","modified_gmt":"2024-10-08T13:20:41","slug":"industrias","status":"publish","type":"page","link":"http:\/\/cueroamerica.info\/wpnews\/industrias\/","title":{"rendered":"Industrias"},"content":{"rendered":"\n\t\t\t<div class=\"display-post-types\">\n\t\t\t\t\n\t\t\t\t\t\t\t<style type=\"text\/css\">\n\t\t\t#dpt-wrapper-101 { --dpt-text-align: left;--dpt-image-crop: center;--dpt-border-radius: 5px;--dpt-h-gutter: 10px;--dpt-v-gutter: 10px; }\t\t\t<\/style>\n\t\t\t<style type=\"text\/css\">#dpt-wrapper-101 { --dpt-title-font-style:normal;--dpt-title-font-weight:600;--dpt-title-font-size:22px;--dpt-title-line-height:1.5;--dpt-title-text-decoration:none;--dpt-title-text-transform:none;--dpt-title-text-color:#2e1111;--dpt-title-link-hover-color:#f740ab;--dpt-excerpt-font-style:normal;--dpt-excerpt-font-weight:400;--dpt-excerpt-line-height:1.5;--dpt-excerpt-text-decoration:none;--dpt-excerpt-text-transform:none;--dpt-meta1-font-style:normal;--dpt-meta1-font-weight:700;--dpt-meta1-font-size:11px;--dpt-meta1-line-height:1.9;--dpt-meta1-text-decoration:none;--dpt-meta1-text-transform:none;--dpt-meta2-font-style:normal;--dpt-meta2-font-weight:400;--dpt-meta2-line-height:1.9;--dpt-meta2-text-decoration:none;--dpt-meta2-text-transform:none;--dpt-wrapper-padding:10px 10px 10px 10px;--dpt-wrapper-br-width:1px 1px 1px 1px;--dpt-wrapper-entry-width:80%;--dpt-wrapper-br-radius:5px 5px 5px 5px;--dpt-wrapper-br-color:; }<\/style><div class=\" dpt-main-header\"><div class=\"dpt-main-title\"><a class=\"dpt-main-title-link\" href=\"http:\/\/cueroamerica.info\/wpnews\/category\/industrias\/\"><span class=\"dpt-main-title-text\">Industrias<\/span><\/a><\/div><\/div>\t\t\t\n\t\t\t\t<div id=\"dpt-wrapper-101\" class=\"dpt-wrapper dpt-list2 dpt-flex-wrap right-al dpt-contained-wraptype\" >\n\n\t\t\t\t\t\t\t\t\t\t\t<div class=\"dpt-entry no-thumbnail\">\n\t\t\t\t\t\t\t<div class=\"dpt-entry-wrapper\"><h3 class=\" dpt-title\"><a class=\"dpt-title-link\" href=\"http:\/\/cueroamerica.info\/wpnews\/2026\/03\/el-sector-cuero-de-italia-llega-a-la-academia-promoviendo-el-master-en-gestion-de-la-moda\/\" rel=\"bookmark\">El sector cuero de Italia llega a la academia promoviendo el Master en Gesti\u00f3n de la Moda<\/a><\/h3><\/div>\n\t\t\t\t\t\t<\/div><!-- .dpt-entry -->\n\t\t\t\t\t\t\t\t\t\t\t\t<div class=\"dpt-entry no-thumbnail\">\n\t\t\t\t\t\t\t<div class=\"dpt-entry-wrapper\"><h3 class=\" dpt-title\"><a class=\"dpt-title-link\" href=\"http:\/\/cueroamerica.info\/wpnews\/2026\/03\/el-cuero-y-el-calzado-italiano-cerraron-un-2025-con-caidas-en-produccion-y-exportacion\/\" rel=\"bookmark\">El cuero y el calzado italiano cerraron un 2025 con ca\u00eddas en producci\u00f3n y exportaci\u00f3n<\/a><\/h3><\/div>\n\t\t\t\t\t\t<\/div><!-- .dpt-entry -->\n\t\t\t\t\t\t\t\t\t\t\t\t<div class=\"dpt-entry no-thumbnail\">\n\t\t\t\t\t\t\t<div class=\"dpt-entry-wrapper\"><h3 class=\" dpt-title\"><a class=\"dpt-title-link\" href=\"http:\/\/cueroamerica.info\/wpnews\/2026\/03\/el-gobierno-mexicano-estudia-medidas-para-fortalecer-a-la-cadena-productiva-del-calzado\/\" rel=\"bookmark\">El gobierno mexicano estudia medidas para fortalecer a la cadena productiva del calzado<\/a><\/h3><\/div>\n\t\t\t\t\t\t<\/div><!-- .dpt-entry -->\n\t\t\t\t\t\t\t\t\t\t\t\t<div class=\"dpt-entry no-thumbnail\">\n\t\t\t\t\t\t\t<div class=\"dpt-entry-wrapper\"><h3 class=\" dpt-title\"><a class=\"dpt-title-link\" href=\"http:\/\/cueroamerica.info\/wpnews\/2026\/02\/portugal-en-2025-sostuvo-las-exportaciones-de-calzado-y-este-ano-proyecta-crecer\/\" rel=\"bookmark\">Portugal: en 2025 sostuvo las exportaciones de calzado y este a\u00f1o proyecta crecer<\/a><\/h3><\/div>\n\t\t\t\t\t\t<\/div><!-- .dpt-entry -->\n\t\t\t\t\t\t\t\t\t\t\t\t<div class=\"dpt-entry no-thumbnail\">\n\t\t\t\t\t\t\t<div class=\"dpt-entry-wrapper\"><h3 class=\" dpt-title\"><a class=\"dpt-title-link\" href=\"http:\/\/cueroamerica.info\/wpnews\/2026\/02\/colombia-las-compras-en-las-plataformas-golpean-fuerte-al-sector-calzado-y-accesorios\/\" rel=\"bookmark\">Colombia: las compras en las plataformas golpean fuerte al sector calzado y accesorios<\/a><\/h3><\/div>\n\t\t\t\t\t\t<\/div><!-- .dpt-entry -->\n\t\t\t\t\t\t\t\t\t\t\t\t<div class=\"dpt-entry no-thumbnail\">\n\t\t\t\t\t\t\t<div class=\"dpt-entry-wrapper\"><h3 class=\" dpt-title\"><a class=\"dpt-title-link\" href=\"http:\/\/cueroamerica.info\/wpnews\/2026\/02\/las-virtudes-del-cuero-deben-ser-hoy-el-mejor-argumento-para-vender-sus-manufacturas\/\" rel=\"bookmark\">Las virtudes del cuero deben ser hoy el mejor argumento para vender sus manufacturas<\/a><\/h3><\/div>\n\t\t\t\t\t\t<\/div><!-- .dpt-entry -->\n\t\t\t\t\t\t\t\t\t\t\t\t<div class=\"dpt-entry no-thumbnail\">\n\t\t\t\t\t\t\t<div class=\"dpt-entry-wrapper\"><h3 class=\" dpt-title\"><a class=\"dpt-title-link\" href=\"http:\/\/cueroamerica.info\/wpnews\/2026\/02\/henkel-concreto-la-compra-de-stahl-por-us-2-100-millones-y-conmociona-a-la-industria\/\" rel=\"bookmark\">Henkel concret\u00f3 la compra de Stahl por US$ 2.100 millones y conmociona a la industria<\/a><\/h3><\/div>\n\t\t\t\t\t\t<\/div><!-- .dpt-entry -->\n\t\t\t\t\t\t\t\t\t\t\t\t<div class=\"dpt-entry no-thumbnail\">\n\t\t\t\t\t\t\t<div class=\"dpt-entry-wrapper\"><h3 class=\" dpt-title\"><a class=\"dpt-title-link\" href=\"http:\/\/cueroamerica.info\/wpnews\/2026\/01\/brasil-por-los-aranceles-de-ee-uu-el-calzado-perdio-4-000-puestos-en-noviembre\/\" rel=\"bookmark\">Brasil: por los aranceles de EE.UU. el calzado perdi\u00f3 4.000 puestos en noviembre<\/a><\/h3><\/div>\n\t\t\t\t\t\t<\/div><!-- .dpt-entry -->\n\t\t\t\t\t\t\t\t\t\t\t\t<div class=\"dpt-entry no-thumbnail\">\n\t\t\t\t\t\t\t<div class=\"dpt-entry-wrapper\"><h3 class=\" dpt-title\"><a class=\"dpt-title-link\" href=\"http:\/\/cueroamerica.info\/wpnews\/2026\/01\/nuevos-conflictos-sociales-en-bangladesh-ponen-en-tela-de-juicio-su-estructura-productiva\/\" rel=\"bookmark\">Nuevos conflictos sociales en Bangladesh ponen en tela de juicio su estructura productiva<\/a><\/h3><\/div>\n\t\t\t\t\t\t<\/div><!-- .dpt-entry -->\n\t\t\t\t\t\t\t\t\t\t\t\t<div class=\"dpt-entry no-thumbnail\">\n\t\t\t\t\t\t\t<div class=\"dpt-entry-wrapper\"><h3 class=\" dpt-title\"><a class=\"dpt-title-link\" href=\"http:\/\/cueroamerica.info\/wpnews\/2025\/12\/mexico-fuertes-aranceles-para-proteger-a-sus-industrias-de-todo-el-sector-indumentaria\/\" rel=\"bookmark\">M\u00e9xico: fuertes aranceles para proteger a sus industrias de todo el sector indumentaria<\/a><\/h3><\/div>\n\t\t\t\t\t\t<\/div><!-- .dpt-entry -->\n\t\t\t\t\t\t\t\t\t\t\t\t<div class=\"dpt-entry no-thumbnail\">\n\t\t\t\t\t\t\t<div class=\"dpt-entry-wrapper\"><h3 class=\" dpt-title\"><a class=\"dpt-title-link\" href=\"http:\/\/cueroamerica.info\/wpnews\/2025\/12\/brasil-fuerte-reduccion-en-las-exportaciones-de-calzado-por-la-guerra-comercial-de-trump\/\" rel=\"bookmark\">Brasil: fuerte reducci\u00f3n en las exportaciones de calzado por la guerra comercial de Trump<\/a><\/h3><\/div>\n\t\t\t\t\t\t<\/div><!-- .dpt-entry -->\n\t\t\t\t\t\t\t\t\t\t\t\t<div class=\"dpt-entry no-thumbnail\">\n\t\t\t\t\t\t\t<div class=\"dpt-entry-wrapper\"><h3 class=\" dpt-title\"><a class=\"dpt-title-link\" href=\"http:\/\/cueroamerica.info\/wpnews\/2025\/11\/argentina-por-la-caida-de-las-ventas-hay-stock-de-calzado-al-menos-para-un-par-de-anos\/\" rel=\"bookmark\">Argentina: \u2018por la ca\u00edda de las ventas hay stock de calzado al menos para un par de a\u00f1os\u2019<\/a><\/h3><\/div>\n\t\t\t\t\t\t<\/div><!-- .dpt-entry -->\n\t\t\t\t\t\t\t\t\t\t\t\t<div class=\"dpt-entry no-thumbnail\">\n\t\t\t\t\t\t\t<div class=\"dpt-entry-wrapper\"><h3 class=\" dpt-title\"><a class=\"dpt-title-link\" href=\"http:\/\/cueroamerica.info\/wpnews\/2025\/11\/brasil-assintecal-convoca-a-empresas-de-argentina-con-su-oferta-de-componentes\/\" rel=\"bookmark\">Brasil: Assintecal convoca a empresas de Argentina con su oferta de componentes<\/a><\/h3><\/div>\n\t\t\t\t\t\t<\/div><!-- .dpt-entry -->\n\t\t\t\t\t\t\t\t\t\t\t\t<div class=\"dpt-entry no-thumbnail\">\n\t\t\t\t\t\t\t<div class=\"dpt-entry-wrapper\"><h3 class=\" dpt-title\"><a class=\"dpt-title-link\" href=\"http:\/\/cueroamerica.info\/wpnews\/2025\/10\/las-exportaciones-de-cuero-de-brasil-caen-un-118-pese-a-una-mejora-en-septiembre\/\" rel=\"bookmark\">Las exportaciones de cuero de Brasil caen un 11,8% pese a una mejora en septiembre<\/a><\/h3><\/div>\n\t\t\t\t\t\t<\/div><!-- .dpt-entry -->\n\t\t\t\t\t\t\n\t\t\t\t<\/div>\n\t\t\t<div class=\"dp-pagination\"><span aria-current=\"page\" class=\"page-numbers current\">1<\/span>\n<a class=\"page-numbers\" href=\"http:\/\/cueroamerica.info\/wpnews\/wp-json\/wp\/v2\/pages\/24437\/?paged1=2\">2<\/a>\n<a class=\"page-numbers\" href=\"http:\/\/cueroamerica.info\/wpnews\/wp-json\/wp\/v2\/pages\/24437\/?paged1=3\">3<\/a>\n<span class=\"page-numbers dots\">&hellip;<\/span>\n<a class=\"page-numbers\" href=\"http:\/\/cueroamerica.info\/wpnews\/wp-json\/wp\/v2\/pages\/24437\/?paged1=27\">27<\/a>\n<a class=\"next page-numbers\" href=\"http:\/\/cueroamerica.info\/wpnews\/wp-json\/wp\/v2\/pages\/24437\/?paged1=2\">Siguiente &raquo;<\/a><\/div>\t\t\t<\/div>\n\t\t\t\n","protected":false},"excerpt":{"rendered":"","protected":false},"author":3,"featured_media":0,"parent":0,"menu_order":0,"comment_status":"closed","ping_status":"closed","template":"","meta":{"footnotes":""},"class_list":["post-24437","page","type-page","status-publish","hentry","count-0","even alt","author-adminca","last"],"_links":{"self":[{"href":"http:\/\/cueroamerica.info\/wpnews\/wp-json\/wp\/v2\/pages\/24437","targetHints":{"allow":["GET"]}}],"collection":[{"href":"http:\/\/cueroamerica.info\/wpnews\/wp-json\/wp\/v2\/pages"}],"about":[{"href":"http:\/\/cueroamerica.info\/wpnews\/wp-json\/wp\/v2\/types\/page"}],"author":[{"embeddable":true,"href":"http:\/\/cueroamerica.info\/wpnews\/wp-json\/wp\/v2\/users\/3"}],"replies":[{"embeddable":true,"href":"http:\/\/cueroamerica.info\/wpnews\/wp-json\/wp\/v2\/comments?post=24437"}],"version-history":[{"count":2,"href":"http:\/\/cueroamerica.info\/wpnews\/wp-json\/wp\/v2\/pages\/24437\/revisions"}],"predecessor-version":[{"id":24626,"href":"http:\/\/cueroamerica.info\/wpnews\/wp-json\/wp\/v2\/pages\/24437\/revisions\/24626"}],"wp:attachment":[{"href":"http:\/\/cueroamerica.info\/wpnews\/wp-json\/wp\/v2\/media?parent=24437"}],"curies":[{"name":"wp","href":"https:\/\/api.w.org\/{rel}","templated":true}]}}